{"id":934,"date":"2023-07-05T11:18:14","date_gmt":"2023-07-05T09:18:14","guid":{"rendered":"https:\/\/qubtrix.com\/kontakt\/"},"modified":"2023-11-28T09:00:13","modified_gmt":"2023-11-28T08:00:13","slug":"contact","status":"publish","type":"page","link":"https:\/\/qubtrix.com\/en\/contact\/","title":{"rendered":"Contact"},"content":{"rendered":"\t\t<div data-elementor-type=\"wp-page\" data-elementor-id=\"934\" class=\"elementor elementor-934 elementor-68\">\n\t\t\t\t\t\t<section class=\"elementor-section elementor-top-section elementor-element elementor-element-208c87d6 elementor-section-boxed elementor-section-height-default elementor-section-height-default\" data-id=\"208c87d6\" data-element_type=\"section\">\n\t\t\t\t\t\t<div class=\"elementor-container elementor-column-gap-default\">\n\t\t\t\t\t<div class=\"elementor-column elementor-col-100 elementor-top-column elementor-element elementor-element-6a1c155a\" data-id=\"6a1c155a\" data-element_type=\"column\">\n\t\t\t<div class=\"elementor-widget-wrap elementor-element-populated\">\n\t\t\t\t\t\t\t<\/div>\n\t\t<\/div>\n\t\t\t\t\t<\/div>\n\t\t<\/section>\n\t\t\t\t<section class=\"elementor-section elementor-top-section elementor-element elementor-element-1b50df1 elementor-section-boxed elementor-section-height-default elementor-section-height-default\" data-id=\"1b50df1\" data-element_type=\"section\">\n\t\t\t\t\t\t<div class=\"elementor-container elementor-column-gap-default\">\n\t\t\t\t\t<div class=\"elementor-column elementor-col-50 elementor-top-column elementor-element elementor-element-a372942\" data-id=\"a372942\" data-element_type=\"column\">\n\t\t\t<div class=\"elementor-widget-wrap elementor-element-populated\">\n\t\t\t\t\t\t<div class=\"elementor-element elementor-element-c924327 elementor-widget elementor-widget-text-editor\" data-id=\"c924327\" data-element_type=\"widget\" data-widget_type=\"text-editor.default\">\n\t\t\t\t<div class=\"elementor-widget-container\">\n\t\t\t\t\t\t\t\t\t<p><strong>Orders<\/strong><br \/>kontakt@qubtrix.com<br \/>+48 518 062 282<\/p>\n<p><strong>Business<\/strong><br \/>office@qubtrix.com<br \/>+48 500 297 424<\/p>\n<p><strong>Company headquarters (warehouse):<\/strong><br \/>WooBrick Sp. z o.o.<br \/>Chomranice 31<br \/>33-394 Chomranice<\/p>\n<p><strong>Regional office:<\/strong><br \/>WooBrick Sp. z o.o.<br \/>Bie\u017canowska 7\/4<br \/>30-812 Krak\u00f3w<\/p>\n<p>KRS: 0000771680<br \/>REGON: 382560817<br \/>NIP: 7343568212<\/p>\n\t\t\t\t\t\t\t\t<\/div>\n\t\t\t\t<\/div>\n\t\t\t\t\t<\/div>\n\t\t<\/div>\n\t\t\t\t<div class=\"elementor-column elementor-col-50 elementor-top-column elementor-element elementor-element-3f4b2fe\" data-id=\"3f4b2fe\" data-element_type=\"column\">\n\t\t\t<div class=\"elementor-widget-wrap elementor-element-populated\">\n\t\t\t\t\t\t<div class=\"elementor-element elementor-element-11be77a elementor-widget elementor-widget-wpforms\" data-id=\"11be77a\" data-element_type=\"widget\" data-widget_type=\"wpforms.default\">\n\t\t\t\t<div class=\"elementor-widget-container\">\n\t\t\t\t\t<div class=\"wpforms-container wpforms-container-full wpforms-render-modern\" id=\"wpforms-1225\"><form id=\"wpforms-form-1225\" class=\"wpforms-validate wpforms-form wpforms-ajax-form\" data-formid=\"1225\" method=\"post\" enctype=\"multipart\/form-data\" action=\"\/en\/wp-json\/wp\/v2\/pages\/934\" data-token=\"497ce341b0c99b48dc05d3e8defd4f34\" data-token-time=\"1778677457\"><div class=\"wpforms-head-container\"><div class=\"wpforms-title\">Fill the form<\/div><div class=\"wpforms-description\">We will respond within 24 hours or the next business day.<\/div><\/div><noscript class=\"wpforms-error-noscript\">Please enable JavaScript in your browser to complete this form.<\/noscript><div id=\"wpforms-error-noscript\" style=\"display: none;\">Please enable JavaScript in your browser to complete this form.<\/div><div class=\"wpforms-field-container\"><div id=\"wpforms-1225-field_0-container\" class=\"wpforms-field wpforms-field-name\" data-field-id=\"0\"><fieldset><legend class=\"wpforms-field-label\">First and last name <span class=\"wpforms-required-label\" aria-hidden=\"true\">*<\/span><\/legend><div class=\"wpforms-field-row wpforms-field-medium\"><div class=\"wpforms-field-row-block wpforms-first wpforms-one-half\"><input type=\"text\" id=\"wpforms-1225-field_0\" class=\"wpforms-field-name-first wpforms-field-required\" name=\"wpforms[fields][0][first]\" placeholder=\"First name\" aria-errormessage=\"wpforms-1225-field_0-error\" required><label for=\"wpforms-1225-field_0\" class=\"wpforms-field-sublabel after wpforms-sublabel-hide\">First<\/label><\/div><div class=\"wpforms-field-row-block wpforms-one-half\"><input type=\"text\" id=\"wpforms-1225-field_0-last\" class=\"wpforms-field-name-last wpforms-field-required\" name=\"wpforms[fields][0][last]\" placeholder=\"Last name\" aria-errormessage=\"wpforms-1225-field_0-last-error\" required><label for=\"wpforms-1225-field_0-last\" class=\"wpforms-field-sublabel after wpforms-sublabel-hide\">Last<\/label><\/div><\/div><\/fieldset><\/div><div id=\"wpforms-1225-field_1-container\" class=\"wpforms-field wpforms-field-email\" data-field-id=\"1\"><label class=\"wpforms-field-label\" for=\"wpforms-1225-field_1\">E-mail <span class=\"wpforms-required-label\" aria-hidden=\"true\">*<\/span><\/label><input type=\"email\" id=\"wpforms-1225-field_1\" class=\"wpforms-field-medium wpforms-field-required\" name=\"wpforms[fields][1]\" placeholder=\"E-mail address\" spellcheck=\"false\" aria-errormessage=\"wpforms-1225-field_1-error\" required><\/div><div id=\"wpforms-1225-field_2-container\" class=\"wpforms-field wpforms-field-textarea\" data-field-id=\"2\"><label class=\"wpforms-field-label\" for=\"wpforms-1225-field_2\">Comment or message<\/label><textarea id=\"wpforms-1225-field_2\" class=\"wpforms-field-medium\" name=\"wpforms[fields][2]\" placeholder=\"Your message\" aria-errormessage=\"wpforms-1225-field_2-error\" ><\/textarea><\/div><div id=\"wpforms-1225-field_3-container\" class=\"wpforms-field wpforms-field-checkbox form_box\" data-field-id=\"3\"><fieldset><legend class=\"wpforms-field-label wpforms-label-hide\" aria-hidden=\"false\">Privacy policy <span class=\"wpforms-required-label\" aria-hidden=\"true\">*<\/span><\/legend><ul id=\"wpforms-1225-field_3\" class=\"wpforms-field-required\"><li class=\"choice-1 depth-1\"><input type=\"checkbox\" id=\"wpforms-1225-field_3_1\" name=\"wpforms[fields][3][]\" value=\"I consent to the processing of my personal data in the form of name, surname, e-mail address as provided in the above form, in accordance with the provisions of Regulation (EU) 2016\/679 of the European Parliament and of the Council of 27 April 2016 on the protection of individuals with regard to the processing of personal data and on the free movement of such data and repealing Directive 95\/46\/EC (General Data Protection Regulation), Official Journal of the EU of 4.5.2016. L 119, p. 1), in order to respond to the inquiry submitted.\" aria-errormessage=\"wpforms-1225-field_3_1-error\" required ><label class=\"wpforms-field-label-inline\" for=\"wpforms-1225-field_3_1\">I consent to the processing of my personal data in the form of name, surname, e-mail address as provided in the above form, in accordance with the provisions of Regulation (EU) 2016\/679 of the European Parliament and of the Council of 27 April 2016 on the protection of individuals with regard to the processing of personal data and on the free movement of such data and repealing Directive 95\/46\/EC (General Data Protection Regulation), Official Journal of the EU of 4.5.2016. L 119, p. 1), in order to respond to the inquiry submitted.<\/label><\/li><\/ul><\/fieldset><\/div><\/div><!-- .wpforms-field-container --><div class=\"wpforms-submit-container\" ><input type=\"hidden\" name=\"wpforms[id]\" value=\"1225\"><input type=\"hidden\" name=\"page_title\" value=\"\"><input type=\"hidden\" name=\"page_url\" value=\"https:\/\/qubtrix.com\/en\/wp-json\/wp\/v2\/pages\/934\"><input type=\"hidden\" name=\"url_referer\" value=\"\"><button type=\"submit\" name=\"wpforms[submit]\" id=\"wpforms-submit-1225\" class=\"wpforms-submit\" data-alt-text=\"Sending...\" data-submit-text=\"Send a message\" aria-live=\"assertive\" value=\"wpforms-submit\">Send a message<\/button><img decoding=\"async\" src=\"https:\/\/qubtrix.com\/wp-content\/plugins\/wpforms-lite\/assets\/images\/submit-spin.svg\" class=\"wpforms-submit-spinner\" style=\"display: none;\" width=\"26\" height=\"26\" alt=\"Loading\"><\/div><\/form><\/div>  <!-- .wpforms-container -->\t\t\t\t<\/div>\n\t\t\t\t<\/div>\n\t\t\t\t\t<\/div>\n\t\t<\/div>\n\t\t\t\t\t<\/div>\n\t\t<\/section>\n\t\t\t\t<\/div>\n\t\t","protected":false},"excerpt":{"rendered":"<p>Orderskontakt@qubtrix.com+48 518 062 282 Businessoffice@qubtrix.com+48 500 297 424 Company headquarters (warehouse):WooBrick Sp. z o.o.Chomranice 3133-394 Chomranice Regional office:WooBrick Sp. z o.o.Bie\u017canowska 7\/430-812 Krak\u00f3w KRS: 0000771680REGON: 382560817NIP: 7343568212 Wype\u0142nij formularz (ID #1225)Odpowiemy w ci\u0105gu 24h lub w najbli\u017cszy dzie\u0144 roboczy.Aby wype\u0142ni\u0107 ten formularz, w\u0142\u0105cz obs\u0142ug\u0119 JavaScript w przegl\u0105darce.Aby wype\u0142ni\u0107 ten formularz, w\u0142\u0105cz obs\u0142ug\u0119 JavaScript w przegl\u0105darce. [&hellip;]<\/p>\n","protected":false},"author":1,"featured_media":0,"parent":0,"menu_order":0,"comment_status":"closed","ping_status":"closed","template":"","meta":{"_acf_changed":false,"footnotes":""},"class_list":["post-934","page","type-page","status-publish","hentry"],"acf":[],"yoast_head":"<!-- This site is optimized with the Yoast SEO plugin v26.1.1 - https:\/\/yoast.com\/wordpress\/plugins\/seo\/ -->\n<title>Contact - QUBTRIX<\/title>\n<meta name=\"robots\" content=\"index, follow, max-snippet:-1, max-image-preview:large, max-video-preview:-1\" \/>\n<link rel=\"canonical\" href=\"https:\/\/qubtrix.com\/en\/contact\/\" \/>\n<meta property=\"og:locale\" content=\"en_US\" \/>\n<meta property=\"og:type\" content=\"article\" \/>\n<meta property=\"og:title\" content=\"Contact - QUBTRIX\" \/>\n<meta property=\"og:description\" content=\"Orderskontakt@qubtrix.com+48 518 062 282 Businessoffice@qubtrix.com+48 500 297 424 Company headquarters (warehouse):WooBrick Sp. z o.o.Chomranice 3133-394 Chomranice Regional office:WooBrick Sp. z o.o.Bie\u017canowska 7\/430-812 Krak\u00f3w KRS: 0000771680REGON: 382560817NIP: 7343568212 Wype\u0142nij formularz (ID #1225)Odpowiemy w ci\u0105gu 24h lub w najbli\u017cszy dzie\u0144 roboczy.Aby wype\u0142ni\u0107 ten formularz, w\u0142\u0105cz obs\u0142ug\u0119 JavaScript w przegl\u0105darce.Aby wype\u0142ni\u0107 ten formularz, w\u0142\u0105cz obs\u0142ug\u0119 JavaScript w przegl\u0105darce. [&hellip;]\" \/>\n<meta property=\"og:url\" content=\"https:\/\/qubtrix.com\/en\/contact\/\" \/>\n<meta property=\"og:site_name\" content=\"QUBTRIX\" \/>\n<meta property=\"article:publisher\" content=\"https:\/\/www.facebook.com\/qubtrixPOLAND\" \/>\n<meta property=\"article:modified_time\" content=\"2023-11-28T08:00:13+00:00\" \/>\n<meta property=\"og:image\" content=\"https:\/\/qubtrix.com\/wp-content\/plugins\/wpforms-lite\/assets\/images\/submit-spin.svg\" \/>\n<meta name=\"twitter:card\" content=\"summary_large_image\" \/>\n<meta name=\"twitter:label1\" content=\"Est. reading time\" \/>\n\t<meta name=\"twitter:data1\" content=\"2 minutes\" \/>\n<script type=\"application\/ld+json\" class=\"yoast-schema-graph\">{\"@context\":\"https:\/\/schema.org\",\"@graph\":[{\"@type\":\"WebPage\",\"@id\":\"https:\/\/qubtrix.com\/en\/contact\/\",\"url\":\"https:\/\/qubtrix.com\/en\/contact\/\",\"name\":\"Contact - QUBTRIX\",\"isPartOf\":{\"@id\":\"https:\/\/qubtrix.com\/en\/#website\"},\"primaryImageOfPage\":{\"@id\":\"https:\/\/qubtrix.com\/en\/contact\/#primaryimage\"},\"image\":{\"@id\":\"https:\/\/qubtrix.com\/en\/contact\/#primaryimage\"},\"thumbnailUrl\":\"https:\/\/qubtrix.com\/wp-content\/plugins\/wpforms-lite\/assets\/images\/submit-spin.svg\",\"datePublished\":\"2023-07-05T09:18:14+00:00\",\"dateModified\":\"2023-11-28T08:00:13+00:00\",\"breadcrumb\":{\"@id\":\"https:\/\/qubtrix.com\/en\/contact\/#breadcrumb\"},\"inLanguage\":\"en-US\",\"potentialAction\":[{\"@type\":\"ReadAction\",\"target\":[\"https:\/\/qubtrix.com\/en\/contact\/\"]}]},{\"@type\":\"ImageObject\",\"inLanguage\":\"en-US\",\"@id\":\"https:\/\/qubtrix.com\/en\/contact\/#primaryimage\",\"url\":\"https:\/\/qubtrix.com\/wp-content\/plugins\/wpforms-lite\/assets\/images\/submit-spin.svg\",\"contentUrl\":\"https:\/\/qubtrix.com\/wp-content\/plugins\/wpforms-lite\/assets\/images\/submit-spin.svg\"},{\"@type\":\"BreadcrumbList\",\"@id\":\"https:\/\/qubtrix.com\/en\/contact\/#breadcrumb\",\"itemListElement\":[{\"@type\":\"ListItem\",\"position\":1,\"name\":\"Strona g\u0142\u00f3wna\",\"item\":\"https:\/\/qubtrix.com\/en\/\"},{\"@type\":\"ListItem\",\"position\":2,\"name\":\"Contact\"}]},{\"@type\":\"WebSite\",\"@id\":\"https:\/\/qubtrix.com\/en\/#website\",\"url\":\"https:\/\/qubtrix.com\/en\/\",\"name\":\"QUBTRIX\",\"description\":\"\",\"publisher\":{\"@id\":\"https:\/\/qubtrix.com\/en\/#organization\"},\"potentialAction\":[{\"@type\":\"SearchAction\",\"target\":{\"@type\":\"EntryPoint\",\"urlTemplate\":\"https:\/\/qubtrix.com\/en\/?s={search_term_string}\"},\"query-input\":{\"@type\":\"PropertyValueSpecification\",\"valueRequired\":true,\"valueName\":\"search_term_string\"}}],\"inLanguage\":\"en-US\"},{\"@type\":\"Organization\",\"@id\":\"https:\/\/qubtrix.com\/en\/#organization\",\"name\":\"QUBTRIX\",\"url\":\"https:\/\/qubtrix.com\/en\/\",\"logo\":{\"@type\":\"ImageObject\",\"inLanguage\":\"en-US\",\"@id\":\"https:\/\/qubtrix.com\/en\/#\/schema\/logo\/image\/\",\"url\":\"https:\/\/qubtrix.com\/wp-content\/uploads\/2023\/07\/QUBTRIX.png\",\"contentUrl\":\"https:\/\/qubtrix.com\/wp-content\/uploads\/2023\/07\/QUBTRIX.png\",\"width\":400,\"height\":118,\"caption\":\"QUBTRIX\"},\"image\":{\"@id\":\"https:\/\/qubtrix.com\/en\/#\/schema\/logo\/image\/\"},\"sameAs\":[\"https:\/\/www.facebook.com\/qubtrixPOLAND\",\"https:\/\/www.facebook.com\/qubtrix\/\",\"https:\/\/www.instagram.com\/qubtrix_poland\/\"]}]}<\/script>\n<!-- \/ Yoast SEO plugin. -->","yoast_head_json":{"title":"Contact - QUBTRIX","robots":{"index":"index","follow":"follow","max-snippet":"max-snippet:-1","max-image-preview":"max-image-preview:large","max-video-preview":"max-video-preview:-1"},"canonical":"https:\/\/qubtrix.com\/en\/contact\/","og_locale":"en_US","og_type":"article","og_title":"Contact - QUBTRIX","og_description":"Orderskontakt@qubtrix.com+48 518 062 282 Businessoffice@qubtrix.com+48 500 297 424 Company headquarters (warehouse):WooBrick Sp. z o.o.Chomranice 3133-394 Chomranice Regional office:WooBrick Sp. z o.o.Bie\u017canowska 7\/430-812 Krak\u00f3w KRS: 0000771680REGON: 382560817NIP: 7343568212 Wype\u0142nij formularz (ID #1225)Odpowiemy w ci\u0105gu 24h lub w najbli\u017cszy dzie\u0144 roboczy.Aby wype\u0142ni\u0107 ten formularz, w\u0142\u0105cz obs\u0142ug\u0119 JavaScript w przegl\u0105darce.Aby wype\u0142ni\u0107 ten formularz, w\u0142\u0105cz obs\u0142ug\u0119 JavaScript w przegl\u0105darce. [&hellip;]","og_url":"https:\/\/qubtrix.com\/en\/contact\/","og_site_name":"QUBTRIX","article_publisher":"https:\/\/www.facebook.com\/qubtrixPOLAND","article_modified_time":"2023-11-28T08:00:13+00:00","og_image":[{"url":"https:\/\/qubtrix.com\/wp-content\/plugins\/wpforms-lite\/assets\/images\/submit-spin.svg","type":"","width":"","height":""}],"twitter_card":"summary_large_image","twitter_misc":{"Est. reading time":"2 minutes"},"schema":{"@context":"https:\/\/schema.org","@graph":[{"@type":"WebPage","@id":"https:\/\/qubtrix.com\/en\/contact\/","url":"https:\/\/qubtrix.com\/en\/contact\/","name":"Contact - QUBTRIX","isPartOf":{"@id":"https:\/\/qubtrix.com\/en\/#website"},"primaryImageOfPage":{"@id":"https:\/\/qubtrix.com\/en\/contact\/#primaryimage"},"image":{"@id":"https:\/\/qubtrix.com\/en\/contact\/#primaryimage"},"thumbnailUrl":"https:\/\/qubtrix.com\/wp-content\/plugins\/wpforms-lite\/assets\/images\/submit-spin.svg","datePublished":"2023-07-05T09:18:14+00:00","dateModified":"2023-11-28T08:00:13+00:00","breadcrumb":{"@id":"https:\/\/qubtrix.com\/en\/contact\/#breadcrumb"},"inLanguage":"en-US","potentialAction":[{"@type":"ReadAction","target":["https:\/\/qubtrix.com\/en\/contact\/"]}]},{"@type":"ImageObject","inLanguage":"en-US","@id":"https:\/\/qubtrix.com\/en\/contact\/#primaryimage","url":"https:\/\/qubtrix.com\/wp-content\/plugins\/wpforms-lite\/assets\/images\/submit-spin.svg","contentUrl":"https:\/\/qubtrix.com\/wp-content\/plugins\/wpforms-lite\/assets\/images\/submit-spin.svg"},{"@type":"BreadcrumbList","@id":"https:\/\/qubtrix.com\/en\/contact\/#breadcrumb","itemListElement":[{"@type":"ListItem","position":1,"name":"Strona g\u0142\u00f3wna","item":"https:\/\/qubtrix.com\/en\/"},{"@type":"ListItem","position":2,"name":"Contact"}]},{"@type":"WebSite","@id":"https:\/\/qubtrix.com\/en\/#website","url":"https:\/\/qubtrix.com\/en\/","name":"QUBTRIX","description":"","publisher":{"@id":"https:\/\/qubtrix.com\/en\/#organization"},"potentialAction":[{"@type":"SearchAction","target":{"@type":"EntryPoint","urlTemplate":"https:\/\/qubtrix.com\/en\/?s={search_term_string}"},"query-input":{"@type":"PropertyValueSpecification","valueRequired":true,"valueName":"search_term_string"}}],"inLanguage":"en-US"},{"@type":"Organization","@id":"https:\/\/qubtrix.com\/en\/#organization","name":"QUBTRIX","url":"https:\/\/qubtrix.com\/en\/","logo":{"@type":"ImageObject","inLanguage":"en-US","@id":"https:\/\/qubtrix.com\/en\/#\/schema\/logo\/image\/","url":"https:\/\/qubtrix.com\/wp-content\/uploads\/2023\/07\/QUBTRIX.png","contentUrl":"https:\/\/qubtrix.com\/wp-content\/uploads\/2023\/07\/QUBTRIX.png","width":400,"height":118,"caption":"QUBTRIX"},"image":{"@id":"https:\/\/qubtrix.com\/en\/#\/schema\/logo\/image\/"},"sameAs":["https:\/\/www.facebook.com\/qubtrixPOLAND","https:\/\/www.facebook.com\/qubtrix\/","https:\/\/www.instagram.com\/qubtrix_poland\/"]}]}},"_links":{"self":[{"href":"https:\/\/qubtrix.com\/en\/wp-json\/wp\/v2\/pages\/934","targetHints":{"allow":["GET"]}}],"collection":[{"href":"https:\/\/qubtrix.com\/en\/wp-json\/wp\/v2\/pages"}],"about":[{"href":"https:\/\/qubtrix.com\/en\/wp-json\/wp\/v2\/types\/page"}],"author":[{"embeddable":true,"href":"https:\/\/qubtrix.com\/en\/wp-json\/wp\/v2\/users\/1"}],"replies":[{"embeddable":true,"href":"https:\/\/qubtrix.com\/en\/wp-json\/wp\/v2\/comments?post=934"}],"version-history":[{"count":8,"href":"https:\/\/qubtrix.com\/en\/wp-json\/wp\/v2\/pages\/934\/revisions"}],"predecessor-version":[{"id":1232,"href":"https:\/\/qubtrix.com\/en\/wp-json\/wp\/v2\/pages\/934\/revisions\/1232"}],"wp:attachment":[{"href":"https:\/\/qubtrix.com\/en\/wp-json\/wp\/v2\/media?parent=934"}],"curies":[{"name":"wp","href":"https:\/\/api.w.org\/{rel}","templated":true}]}}