{"id":1061,"date":"2023-07-10T15:19:54","date_gmt":"2023-07-10T13:19:54","guid":{"rendered":"https:\/\/qubtrix.com\/sklep\/uncategorized\/mamaville\/"},"modified":"2023-10-27T09:55:50","modified_gmt":"2023-10-27T07:55:50","slug":"mamaville","status":"publish","type":"product","link":"https:\/\/qubtrix.com\/en\/shop\/special-edition\/mamaville\/","title":{"rendered":"MAMAVILLE"},"content":{"rendered":"<p>The MAMAVILLE set was constructed for the trade fairs in which we participate in large numbers. You can meet us in the attraction area and watch this set live!<\/p>\n<p><strong>29.10.2023 we will be in Krak\u00f3w<\/strong><\/p>\n<p>&nbsp;<\/p>\n<p>What makes this set special?<\/p>\n<p>The uniqueness of the MAMAVILLE set is reflected in the presence of up to <strong>4 towers<\/strong>, which are a key design element. With them, you can create tall structures and also use them as supports and track extensions. It is the towers that provide stability and durability in any project, giving you confidence that your structures will be robust and safe.<\/p>\n<p>But that&#8217;s not all! This set opens up a world of new experiences for you. Combine it with LEGO elements and start making even more creative constructions. Among other things, you can add an interactive lift that will deliver the marbles to your tracks and you can watch them traverse the route, adding a dynamic element to your builds.<\/p>\n<p><strong>Don&#8217;t wait any longer &#8211; start your adventure with QUBTRIX wooden bricks!<\/strong><\/p>\n","protected":false},"excerpt":{"rendered":"<p><strong>SPECIFICATION<\/strong><\/p>\n<p><strong>Number of pieces:<\/strong> 36 QUBTRIX bricks (12\u00d7 LINE, 6\u00d7 C-TURN, 1\u00d7 BASKET, 1\u00d7 SPINNER, 2\u00d7 RAMP, 2x HOLE, 7\u00d7 FAST STAIRS, 4\u00d7 TOWER, 2\u00d7 T-TURN), 5x glass marble in green, 5x glass marble in light blue, 90x pin, 1x jute bag<\/p>\n<p><strong>Product code:<\/strong> QUBTRIX_MAMAVILLE<\/p>\n<p><strong>Pack size [cm]<\/strong>: 30 x 40<\/p>\n<p><strong>Weight[g]:<\/strong> 2400<\/p>\n","protected":false},"featured_media":900,"comment_status":"closed","ping_status":"closed","template":"","meta":{"_acf_changed":false},"product_brand":[],"product_cat":[51],"product_tag":[],"class_list":{"0":"post-1061","1":"product","2":"type-product","3":"status-publish","4":"has-post-thumbnail","6":"product_cat-special-edition","8":"first","9":"instock","10":"featured","11":"taxable","12":"shipping-taxable","13":"purchasable","14":"product-type-simple"},"acf":[],"yoast_head":"<!-- This site is optimized with the Yoast SEO plugin v26.1.1 - https:\/\/yoast.com\/wordpress\/plugins\/seo\/ -->\n<title>MAMAVILLE - QUBTRIX<\/title>\n<meta name=\"robots\" content=\"index, follow, max-snippet:-1, max-image-preview:large, max-video-preview:-1\" \/>\n<link rel=\"canonical\" href=\"https:\/\/qubtrix.com\/en\/shop\/special-edition\/mamaville\/\" \/>\n<meta property=\"og:locale\" content=\"en_US\" \/>\n<meta property=\"og:type\" content=\"article\" \/>\n<meta property=\"og:title\" content=\"MAMAVILLE - QUBTRIX\" \/>\n<meta property=\"og:description\" content=\"SPECIFICATION  Number of pieces: 36 QUBTRIX bricks (12\u00d7 LINE, 6\u00d7 C-TURN, 1\u00d7 BASKET, 1\u00d7 SPINNER, 2\u00d7 RAMP, 2x HOLE, 7\u00d7 FAST STAIRS, 4\u00d7 TOWER, 2\u00d7 T-TURN), 5x glass marble in green, 5x glass marble in light blue, 90x pin, 1x jute bag  Product code: QUBTRIX_MAMAVILLE  Pack size [cm]: 30 x 40  Weight[g]: 2400\" \/>\n<meta property=\"og:url\" content=\"https:\/\/qubtrix.com\/en\/shop\/special-edition\/mamaville\/\" \/>\n<meta property=\"og:site_name\" content=\"QUBTRIX\" \/>\n<meta property=\"article:publisher\" content=\"https:\/\/www.facebook.com\/qubtrixPOLAND\" \/>\n<meta property=\"article:modified_time\" content=\"2023-10-27T07:55:50+00:00\" \/>\n<meta property=\"og:image\" content=\"https:\/\/qubtrix.com\/wp-content\/uploads\/2023\/07\/81-2.jpg\" \/>\n\t<meta property=\"og:image:width\" content=\"1200\" \/>\n\t<meta property=\"og:image:height\" content=\"1200\" \/>\n\t<meta property=\"og:image:type\" content=\"image\/jpeg\" \/>\n<meta name=\"twitter:card\" content=\"summary_large_image\" \/>\n<meta name=\"twitter:label1\" content=\"Est. reading time\" \/>\n\t<meta name=\"twitter:data1\" content=\"2 minutes\" \/>\n<script type=\"application\/ld+json\" class=\"yoast-schema-graph\">{\"@context\":\"https:\/\/schema.org\",\"@graph\":[{\"@type\":\"WebPage\",\"@id\":\"https:\/\/qubtrix.com\/en\/shop\/special-edition\/mamaville\/\",\"url\":\"https:\/\/qubtrix.com\/en\/shop\/special-edition\/mamaville\/\",\"name\":\"MAMAVILLE - QUBTRIX\",\"isPartOf\":{\"@id\":\"https:\/\/qubtrix.com\/en\/#website\"},\"primaryImageOfPage\":{\"@id\":\"https:\/\/qubtrix.com\/en\/shop\/special-edition\/mamaville\/#primaryimage\"},\"image\":{\"@id\":\"https:\/\/qubtrix.com\/en\/shop\/special-edition\/mamaville\/#primaryimage\"},\"thumbnailUrl\":\"https:\/\/qubtrix.com\/wp-content\/uploads\/2023\/07\/81-2.jpg\",\"datePublished\":\"2023-07-10T13:19:54+00:00\",\"dateModified\":\"2023-10-27T07:55:50+00:00\",\"breadcrumb\":{\"@id\":\"https:\/\/qubtrix.com\/en\/shop\/special-edition\/mamaville\/#breadcrumb\"},\"inLanguage\":\"en-US\",\"potentialAction\":[{\"@type\":\"ReadAction\",\"target\":[\"https:\/\/qubtrix.com\/en\/shop\/special-edition\/mamaville\/\"]}]},{\"@type\":\"ImageObject\",\"inLanguage\":\"en-US\",\"@id\":\"https:\/\/qubtrix.com\/en\/shop\/special-edition\/mamaville\/#primaryimage\",\"url\":\"https:\/\/qubtrix.com\/wp-content\/uploads\/2023\/07\/81-2.jpg\",\"contentUrl\":\"https:\/\/qubtrix.com\/wp-content\/uploads\/2023\/07\/81-2.jpg\",\"width\":1200,\"height\":1200},{\"@type\":\"BreadcrumbList\",\"@id\":\"https:\/\/qubtrix.com\/en\/shop\/special-edition\/mamaville\/#breadcrumb\",\"itemListElement\":[{\"@type\":\"ListItem\",\"position\":1,\"name\":\"Strona g\u0142\u00f3wna\",\"item\":\"https:\/\/qubtrix.com\/en\/\"},{\"@type\":\"ListItem\",\"position\":2,\"name\":\"Shop\",\"item\":\"https:\/\/qubtrix.com\/en\/shop\/\"},{\"@type\":\"ListItem\",\"position\":3,\"name\":\"MAMAVILLE\"}]},{\"@type\":\"WebSite\",\"@id\":\"https:\/\/qubtrix.com\/en\/#website\",\"url\":\"https:\/\/qubtrix.com\/en\/\",\"name\":\"QUBTRIX\",\"description\":\"\",\"publisher\":{\"@id\":\"https:\/\/qubtrix.com\/en\/#organization\"},\"potentialAction\":[{\"@type\":\"SearchAction\",\"target\":{\"@type\":\"EntryPoint\",\"urlTemplate\":\"https:\/\/qubtrix.com\/en\/?s={search_term_string}\"},\"query-input\":{\"@type\":\"PropertyValueSpecification\",\"valueRequired\":true,\"valueName\":\"search_term_string\"}}],\"inLanguage\":\"en-US\"},{\"@type\":\"Organization\",\"@id\":\"https:\/\/qubtrix.com\/en\/#organization\",\"name\":\"QUBTRIX\",\"url\":\"https:\/\/qubtrix.com\/en\/\",\"logo\":{\"@type\":\"ImageObject\",\"inLanguage\":\"en-US\",\"@id\":\"https:\/\/qubtrix.com\/en\/#\/schema\/logo\/image\/\",\"url\":\"https:\/\/qubtrix.com\/wp-content\/uploads\/2023\/07\/QUBTRIX.png\",\"contentUrl\":\"https:\/\/qubtrix.com\/wp-content\/uploads\/2023\/07\/QUBTRIX.png\",\"width\":400,\"height\":118,\"caption\":\"QUBTRIX\"},\"image\":{\"@id\":\"https:\/\/qubtrix.com\/en\/#\/schema\/logo\/image\/\"},\"sameAs\":[\"https:\/\/www.facebook.com\/qubtrixPOLAND\",\"https:\/\/www.facebook.com\/qubtrix\/\",\"https:\/\/www.instagram.com\/qubtrix_poland\/\"]}]}<\/script>\n<!-- \/ Yoast SEO plugin. -->","yoast_head_json":{"title":"MAMAVILLE - QUBTRIX","robots":{"index":"index","follow":"follow","max-snippet":"max-snippet:-1","max-image-preview":"max-image-preview:large","max-video-preview":"max-video-preview:-1"},"canonical":"https:\/\/qubtrix.com\/en\/shop\/special-edition\/mamaville\/","og_locale":"en_US","og_type":"article","og_title":"MAMAVILLE - QUBTRIX","og_description":"SPECIFICATION  Number of pieces: 36 QUBTRIX bricks (12\u00d7 LINE, 6\u00d7 C-TURN, 1\u00d7 BASKET, 1\u00d7 SPINNER, 2\u00d7 RAMP, 2x HOLE, 7\u00d7 FAST STAIRS, 4\u00d7 TOWER, 2\u00d7 T-TURN), 5x glass marble in green, 5x glass marble in light blue, 90x pin, 1x jute bag  Product code: QUBTRIX_MAMAVILLE  Pack size [cm]: 30 x 40  Weight[g]: 2400","og_url":"https:\/\/qubtrix.com\/en\/shop\/special-edition\/mamaville\/","og_site_name":"QUBTRIX","article_publisher":"https:\/\/www.facebook.com\/qubtrixPOLAND","article_modified_time":"2023-10-27T07:55:50+00:00","og_image":[{"width":1200,"height":1200,"url":"https:\/\/qubtrix.com\/wp-content\/uploads\/2023\/07\/81-2.jpg","type":"image\/jpeg"}],"twitter_card":"summary_large_image","twitter_misc":{"Est. reading time":"2 minutes"},"schema":{"@context":"https:\/\/schema.org","@graph":[{"@type":"WebPage","@id":"https:\/\/qubtrix.com\/en\/shop\/special-edition\/mamaville\/","url":"https:\/\/qubtrix.com\/en\/shop\/special-edition\/mamaville\/","name":"MAMAVILLE - QUBTRIX","isPartOf":{"@id":"https:\/\/qubtrix.com\/en\/#website"},"primaryImageOfPage":{"@id":"https:\/\/qubtrix.com\/en\/shop\/special-edition\/mamaville\/#primaryimage"},"image":{"@id":"https:\/\/qubtrix.com\/en\/shop\/special-edition\/mamaville\/#primaryimage"},"thumbnailUrl":"https:\/\/qubtrix.com\/wp-content\/uploads\/2023\/07\/81-2.jpg","datePublished":"2023-07-10T13:19:54+00:00","dateModified":"2023-10-27T07:55:50+00:00","breadcrumb":{"@id":"https:\/\/qubtrix.com\/en\/shop\/special-edition\/mamaville\/#breadcrumb"},"inLanguage":"en-US","potentialAction":[{"@type":"ReadAction","target":["https:\/\/qubtrix.com\/en\/shop\/special-edition\/mamaville\/"]}]},{"@type":"ImageObject","inLanguage":"en-US","@id":"https:\/\/qubtrix.com\/en\/shop\/special-edition\/mamaville\/#primaryimage","url":"https:\/\/qubtrix.com\/wp-content\/uploads\/2023\/07\/81-2.jpg","contentUrl":"https:\/\/qubtrix.com\/wp-content\/uploads\/2023\/07\/81-2.jpg","width":1200,"height":1200},{"@type":"BreadcrumbList","@id":"https:\/\/qubtrix.com\/en\/shop\/special-edition\/mamaville\/#breadcrumb","itemListElement":[{"@type":"ListItem","position":1,"name":"Strona g\u0142\u00f3wna","item":"https:\/\/qubtrix.com\/en\/"},{"@type":"ListItem","position":2,"name":"Shop","item":"https:\/\/qubtrix.com\/en\/shop\/"},{"@type":"ListItem","position":3,"name":"MAMAVILLE"}]},{"@type":"WebSite","@id":"https:\/\/qubtrix.com\/en\/#website","url":"https:\/\/qubtrix.com\/en\/","name":"QUBTRIX","description":"","publisher":{"@id":"https:\/\/qubtrix.com\/en\/#organization"},"potentialAction":[{"@type":"SearchAction","target":{"@type":"EntryPoint","urlTemplate":"https:\/\/qubtrix.com\/en\/?s={search_term_string}"},"query-input":{"@type":"PropertyValueSpecification","valueRequired":true,"valueName":"search_term_string"}}],"inLanguage":"en-US"},{"@type":"Organization","@id":"https:\/\/qubtrix.com\/en\/#organization","name":"QUBTRIX","url":"https:\/\/qubtrix.com\/en\/","logo":{"@type":"ImageObject","inLanguage":"en-US","@id":"https:\/\/qubtrix.com\/en\/#\/schema\/logo\/image\/","url":"https:\/\/qubtrix.com\/wp-content\/uploads\/2023\/07\/QUBTRIX.png","contentUrl":"https:\/\/qubtrix.com\/wp-content\/uploads\/2023\/07\/QUBTRIX.png","width":400,"height":118,"caption":"QUBTRIX"},"image":{"@id":"https:\/\/qubtrix.com\/en\/#\/schema\/logo\/image\/"},"sameAs":["https:\/\/www.facebook.com\/qubtrixPOLAND","https:\/\/www.facebook.com\/qubtrix\/","https:\/\/www.instagram.com\/qubtrix_poland\/"]}]}},"_links":{"self":[{"href":"https:\/\/qubtrix.com\/en\/wp-json\/wp\/v2\/product\/1061","targetHints":{"allow":["GET"]}}],"collection":[{"href":"https:\/\/qubtrix.com\/en\/wp-json\/wp\/v2\/product"}],"about":[{"href":"https:\/\/qubtrix.com\/en\/wp-json\/wp\/v2\/types\/product"}],"replies":[{"embeddable":true,"href":"https:\/\/qubtrix.com\/en\/wp-json\/wp\/v2\/comments?post=1061"}],"version-history":[{"count":0,"href":"https:\/\/qubtrix.com\/en\/wp-json\/wp\/v2\/product\/1061\/revisions"}],"wp:featuredmedia":[{"embeddable":true,"href":"https:\/\/qubtrix.com\/en\/wp-json\/wp\/v2\/media\/900"}],"wp:attachment":[{"href":"https:\/\/qubtrix.com\/en\/wp-json\/wp\/v2\/media?parent=1061"}],"wp:term":[{"taxonomy":"product_brand","embeddable":true,"href":"https:\/\/qubtrix.com\/en\/wp-json\/wp\/v2\/product_brand?post=1061"},{"taxonomy":"product_cat","embeddable":true,"href":"https:\/\/qubtrix.com\/en\/wp-json\/wp\/v2\/product_cat?post=1061"},{"taxonomy":"product_tag","embeddable":true,"href":"https:\/\/qubtrix.com\/en\/wp-json\/wp\/v2\/product_tag?post=1061"}],"curies":[{"name":"wp","href":"https:\/\/api.w.org\/{rel}","templated":true}]}}