{"id":1897,"date":"2025-10-20T23:10:02","date_gmt":"2025-10-20T21:10:02","guid":{"rendered":"https:\/\/qubtrix.com\/?post_type=product&#038;p=1897"},"modified":"2025-12-15T20:12:35","modified_gmt":"2025-12-15T19:12:35","slug":"gra-slowna-slowaki","status":"publish","type":"product","link":"https:\/\/qubtrix.com\/en\/shop\/slowaki\/gra-slowna-slowaki\/","title":{"rendered":"Gra s\u0142owna &#8211; &#8220;S\u0142owaki&#8221;"},"content":{"rendered":"<p>Gra &#8220;S\u0142owaki&#8221; jest nie tylko gr\u0105 s\u0142own\u0105, ale tak\u017ce wyj\u0105tkowym do\u015bwiadczeniem, kt\u00f3re \u0142\u0105czy ludzi i rozwija ich umiej\u0119tno\u015bci w przyjemny spos\u00f3b<\/p>\n<p>To dynamiczna i kreatywna rozgrywka s\u0142owna, kt\u00f3ra \u0142\u0105czy cechy tradycyjnych gier s\u0142ownych z nowoczesnym podej\u015bciem. Zamiast planszy, gracze wykorzystuj\u0105 kostki z literami, co daje pe\u0142n\u0105 swobod\u0119 w uk\u0142adaniu s\u0142\u00f3w i eliminuje ograniczenia przestrzenne. Gra jest idealna dla os\u00f3b w ka\u017cdym wieku \u2013 od dzieci ucz\u0105cych si\u0119 alfabetu, przez rodziny szukaj\u0105ce wsp\u00f3lnej zabawy, po mi\u0142o\u015bnik\u00f3w j\u0119zyka i wytrawnych graczy.<\/p>\n<p><strong>Dla kogo jest gra &#8220;S\u0142owaki&#8221;?<\/strong><\/p>\n<p><strong>Rodziny i Przyjaciele<\/strong><\/p>\n<p>Gra \u201eS\u0142owaki\u201d to doskona\u0142a rozrywka dla rodzin i przyjaci\u00f3\u0142, idealna na wsp\u00f3lne spotkania przy kawie. Dzi\u0119ki prostym zasadom i dynamicznej rozgrywce, ka\u017cdy mo\u017ce szybko do\u0142\u0105czy\u0107 do zabawy, co sprawia, \u017ce jest to \u015bwietny spos\u00f3b na sp\u0119dzenie czasu razem, zar\u00f3wno w domu, jak i w podr\u00f3\u017cy.<\/p>\n<h3>Dzieci<\/h3>\n<p>Dzieci, kt\u00f3re ucz\u0105 si\u0119 literek, czytania i ortografii, b\u0119d\u0105 mia\u0142y wiele rado\u015bci z gry \u201eS\u0142owaki\u201d. Dzi\u0119ki zabawnej formie i interaktywnym elementom, gra nie tylko bawi, ale tak\u017ce wspiera rozw\u00f3j umiej\u0119tno\u015bci j\u0119zykowych w przyst\u0119pny spos\u00f3b, co czyni nauk\u0119 bardziej atrakcyjn\u0105. (Szczeg\u00f3lnie dla dzieci, borykaj\u0105cych si\u0119 z problemem dysgrafii lub dysleksji)<\/p>\n<h3>Nauczyciele i Edukatorzy<\/h3>\n<p>Nauczyciele i edukatorzy mog\u0105 wykorzysta\u0107 \u201eS\u0142owaki\u201d jako narz\u0119dzie do wprowadzenia element\u00f3w gier do nauczania. Gra sprawia, \u017ce lekcje staj\u0105 si\u0119 bardziej interaktywne i anga\u017cuj\u0105ce, co mo\u017ce pom\u00f3c uczniom lepiej przyswaja\u0107 materia\u0142 i rozwija\u0107 umiej\u0119tno\u015bci j\u0119zykowe w przyjemny spos\u00f3b.<\/p>\n<h3>Osoby Starsze<\/h3>\n<p>Osoby starsze, kt\u00f3re pragn\u0105 utrzyma\u0107 umys\u0142 w dobrej formie, r\u00f3wnie\u017c skorzystaj\u0105 z wyzwa\u0144, jakie oferuje \u201eS\u0142owaki\u201d. Gra anga\u017cuje my\u015blenie i stymuluje pami\u0119\u0107, co jest wa\u017cne dla zachowania sprawno\u015bci umys\u0142owej. To \u015bwietny spos\u00f3b na sp\u0119dzenie czasu w towarzystwie bliskich.<\/p>\n<h3>Profesjonali\u015bci w Grach S\u0142ownych<\/h3>\n<p>Osoby, kt\u00f3re pasjonuj\u0105 si\u0119 grami s\u0142ownymi, znajd\u0105 w \u201eS\u0142owakach\u201d ekscytuj\u0105ce wyzwanie. Gra pozwala na sprawdzenie swoich umiej\u0119tno\u015bci j\u0119zykowych oraz rozwijanie strategii w tworzeniu s\u0142\u00f3w, co czyni j\u0105 atrakcyjn\u0105 propozycj\u0105 dla tych, kt\u00f3rzy chc\u0105 rywalizowa\u0107 i doskonali\u0107 swoje zdolno\u015bci.<\/p>\n<h3>Mi\u0142o\u015bnicy J\u0119zyka Angielskiego<\/h3>\n<p>Wersja angielska gry otwiera nowe mo\u017cliwo\u015bci dla mi\u0142o\u015bnik\u00f3w j\u0119zyka angielskiego. Gra jest idealna dla os\u00f3b ucz\u0105cych si\u0119 angielskiego w zabawny spos\u00f3b<\/p>\n","protected":false},"excerpt":{"rendered":"<p><strong>S\u0141OWAKI<\/strong> to gra s\u0142owna, dla minimum dw\u00f3ch graczy.<\/p>\n<p>Polega na uk\u0142adaniu s\u0142\u00f3w przy u\u017cyciu kostek z r\u00f3\u017cnokolorowymi literami w formie przypominaj\u0105cej krzy\u017c\u00f3wk\u0119 \u2013 wszystkie s\u0142owa musz\u0105 by\u0107 ze sob\u0105 powi\u0105zane. Celem graczy jest zdobycie jak najwi\u0119kszej liczby punkt\u00f3w.<\/p>\n<p>Gra sk\u0142ada si\u0119 z <strong>72 kostek<\/strong> umieszczonych w woreczku. Ka\u017cda kostka zawiera unikalny zestaw <strong>6 kolorowych liter<\/strong>.<\/p>\n<p>Gracz zdobywa punkty za wszystkie s\u0142owa utworzone lub zmodyfikowane w wyniku swojego ruchu. Po zako\u0144czeniu tury dobiera z woreczka tyle kostek, ile wykorzysta\u0142 w poprzednim ruchu.<\/p>\n","protected":false},"featured_media":2124,"comment_status":"open","ping_status":"closed","template":"","meta":{"_acf_changed":false},"product_brand":[],"product_cat":[62],"product_tag":[],"class_list":{"0":"post-1897","1":"product","2":"type-product","3":"status-publish","4":"has-post-thumbnail","6":"product_cat-slowaki","8":"first","9":"instock","10":"taxable","11":"shipping-taxable","12":"purchasable","13":"product-type-simple"},"acf":[],"yoast_head":"<!-- This site is optimized with the Yoast SEO plugin v26.1.1 - https:\/\/yoast.com\/wordpress\/plugins\/seo\/ -->\n<title>Gra s\u0142owna - &quot;S\u0142owaki&quot; - QUBTRIX<\/title>\n<meta name=\"robots\" content=\"index, follow, max-snippet:-1, max-image-preview:large, max-video-preview:-1\" \/>\n<link rel=\"canonical\" href=\"https:\/\/qubtrix.com\/en\/shop\/slowaki\/gra-slowna-slowaki\/\" \/>\n<meta property=\"og:locale\" content=\"en_US\" \/>\n<meta property=\"og:type\" content=\"article\" \/>\n<meta property=\"og:title\" content=\"Gra s\u0142owna - &quot;S\u0142owaki&quot; - QUBTRIX\" \/>\n<meta property=\"og:description\" content=\"S\u0141OWAKI to gra s\u0142owna, dla minimum dw\u00f3ch graczy.  Polega na uk\u0142adaniu s\u0142\u00f3w przy u\u017cyciu kostek z r\u00f3\u017cnokolorowymi literami w formie przypominaj\u0105cej krzy\u017c\u00f3wk\u0119 \u2013 wszystkie s\u0142owa musz\u0105 by\u0107 ze sob\u0105 powi\u0105zane. Celem graczy jest zdobycie jak najwi\u0119kszej liczby punkt\u00f3w.  Gra sk\u0142ada si\u0119 z 72 kostek umieszczonych w woreczku. Ka\u017cda kostka zawiera unikalny zestaw 6 kolorowych liter.  Gracz zdobywa punkty za wszystkie s\u0142owa utworzone lub zmodyfikowane w wyniku swojego ruchu. Po zako\u0144czeniu tury dobiera z woreczka tyle kostek, ile wykorzysta\u0142 w poprzednim ruchu.\" \/>\n<meta property=\"og:url\" content=\"https:\/\/qubtrix.com\/en\/shop\/slowaki\/gra-slowna-slowaki\/\" \/>\n<meta property=\"og:site_name\" content=\"QUBTRIX\" \/>\n<meta property=\"article:publisher\" content=\"https:\/\/www.facebook.com\/qubtrixPOLAND\" \/>\n<meta property=\"article:modified_time\" content=\"2025-12-15T19:12:35+00:00\" \/>\n<meta property=\"og:image\" content=\"https:\/\/qubtrix.com\/wp-content\/uploads\/2025\/10\/SRV02923-scaled.jpg\" \/>\n\t<meta property=\"og:image:width\" content=\"2560\" \/>\n\t<meta property=\"og:image:height\" content=\"1707\" \/>\n\t<meta property=\"og:image:type\" content=\"image\/jpeg\" \/>\n<meta name=\"twitter:card\" content=\"summary_large_image\" \/>\n<meta name=\"twitter:label1\" content=\"Est. reading time\" \/>\n\t<meta name=\"twitter:data1\" content=\"3 minutes\" \/>\n<script type=\"application\/ld+json\" class=\"yoast-schema-graph\">{\"@context\":\"https:\/\/schema.org\",\"@graph\":[{\"@type\":\"WebPage\",\"@id\":\"https:\/\/qubtrix.com\/en\/shop\/slowaki\/gra-slowna-slowaki\/\",\"url\":\"https:\/\/qubtrix.com\/en\/shop\/slowaki\/gra-slowna-slowaki\/\",\"name\":\"Gra s\u0142owna - \\\"S\u0142owaki\\\" - QUBTRIX\",\"isPartOf\":{\"@id\":\"https:\/\/qubtrix.com\/en\/#website\"},\"primaryImageOfPage\":{\"@id\":\"https:\/\/qubtrix.com\/en\/shop\/slowaki\/gra-slowna-slowaki\/#primaryimage\"},\"image\":{\"@id\":\"https:\/\/qubtrix.com\/en\/shop\/slowaki\/gra-slowna-slowaki\/#primaryimage\"},\"thumbnailUrl\":\"https:\/\/qubtrix.com\/wp-content\/uploads\/2025\/10\/SRV02923-scaled.jpg\",\"datePublished\":\"2025-10-20T21:10:02+00:00\",\"dateModified\":\"2025-12-15T19:12:35+00:00\",\"breadcrumb\":{\"@id\":\"https:\/\/qubtrix.com\/en\/shop\/slowaki\/gra-slowna-slowaki\/#breadcrumb\"},\"inLanguage\":\"en-US\",\"potentialAction\":[{\"@type\":\"ReadAction\",\"target\":[\"https:\/\/qubtrix.com\/en\/shop\/slowaki\/gra-slowna-slowaki\/\"]}]},{\"@type\":\"ImageObject\",\"inLanguage\":\"en-US\",\"@id\":\"https:\/\/qubtrix.com\/en\/shop\/slowaki\/gra-slowna-slowaki\/#primaryimage\",\"url\":\"https:\/\/qubtrix.com\/wp-content\/uploads\/2025\/10\/SRV02923-scaled.jpg\",\"contentUrl\":\"https:\/\/qubtrix.com\/wp-content\/uploads\/2025\/10\/SRV02923-scaled.jpg\",\"width\":2560,\"height\":1707,\"caption\":\"S\u0142owaki, gra s\u0142owna, scrabble 3D\"},{\"@type\":\"BreadcrumbList\",\"@id\":\"https:\/\/qubtrix.com\/en\/shop\/slowaki\/gra-slowna-slowaki\/#breadcrumb\",\"itemListElement\":[{\"@type\":\"ListItem\",\"position\":1,\"name\":\"Strona g\u0142\u00f3wna\",\"item\":\"https:\/\/qubtrix.com\/en\/\"},{\"@type\":\"ListItem\",\"position\":2,\"name\":\"Shop\",\"item\":\"https:\/\/qubtrix.com\/en\/shop\/\"},{\"@type\":\"ListItem\",\"position\":3,\"name\":\"Gra s\u0142owna &#8211; &#8222;S\u0142owaki&#8221;\"}]},{\"@type\":\"WebSite\",\"@id\":\"https:\/\/qubtrix.com\/en\/#website\",\"url\":\"https:\/\/qubtrix.com\/en\/\",\"name\":\"QUBTRIX\",\"description\":\"\",\"publisher\":{\"@id\":\"https:\/\/qubtrix.com\/en\/#organization\"},\"potentialAction\":[{\"@type\":\"SearchAction\",\"target\":{\"@type\":\"EntryPoint\",\"urlTemplate\":\"https:\/\/qubtrix.com\/en\/?s={search_term_string}\"},\"query-input\":{\"@type\":\"PropertyValueSpecification\",\"valueRequired\":true,\"valueName\":\"search_term_string\"}}],\"inLanguage\":\"en-US\"},{\"@type\":\"Organization\",\"@id\":\"https:\/\/qubtrix.com\/en\/#organization\",\"name\":\"QUBTRIX\",\"url\":\"https:\/\/qubtrix.com\/en\/\",\"logo\":{\"@type\":\"ImageObject\",\"inLanguage\":\"en-US\",\"@id\":\"https:\/\/qubtrix.com\/en\/#\/schema\/logo\/image\/\",\"url\":\"https:\/\/qubtrix.com\/wp-content\/uploads\/2023\/07\/QUBTRIX.png\",\"contentUrl\":\"https:\/\/qubtrix.com\/wp-content\/uploads\/2023\/07\/QUBTRIX.png\",\"width\":400,\"height\":118,\"caption\":\"QUBTRIX\"},\"image\":{\"@id\":\"https:\/\/qubtrix.com\/en\/#\/schema\/logo\/image\/\"},\"sameAs\":[\"https:\/\/www.facebook.com\/qubtrixPOLAND\",\"https:\/\/www.facebook.com\/qubtrix\/\",\"https:\/\/www.instagram.com\/qubtrix_poland\/\"]}]}<\/script>\n<!-- \/ Yoast SEO plugin. -->","yoast_head_json":{"title":"Gra s\u0142owna - \"S\u0142owaki\" - QUBTRIX","robots":{"index":"index","follow":"follow","max-snippet":"max-snippet:-1","max-image-preview":"max-image-preview:large","max-video-preview":"max-video-preview:-1"},"canonical":"https:\/\/qubtrix.com\/en\/shop\/slowaki\/gra-slowna-slowaki\/","og_locale":"en_US","og_type":"article","og_title":"Gra s\u0142owna - \"S\u0142owaki\" - QUBTRIX","og_description":"S\u0141OWAKI to gra s\u0142owna, dla minimum dw\u00f3ch graczy.  Polega na uk\u0142adaniu s\u0142\u00f3w przy u\u017cyciu kostek z r\u00f3\u017cnokolorowymi literami w formie przypominaj\u0105cej krzy\u017c\u00f3wk\u0119 \u2013 wszystkie s\u0142owa musz\u0105 by\u0107 ze sob\u0105 powi\u0105zane. Celem graczy jest zdobycie jak najwi\u0119kszej liczby punkt\u00f3w.  Gra sk\u0142ada si\u0119 z 72 kostek umieszczonych w woreczku. Ka\u017cda kostka zawiera unikalny zestaw 6 kolorowych liter.  Gracz zdobywa punkty za wszystkie s\u0142owa utworzone lub zmodyfikowane w wyniku swojego ruchu. Po zako\u0144czeniu tury dobiera z woreczka tyle kostek, ile wykorzysta\u0142 w poprzednim ruchu.","og_url":"https:\/\/qubtrix.com\/en\/shop\/slowaki\/gra-slowna-slowaki\/","og_site_name":"QUBTRIX","article_publisher":"https:\/\/www.facebook.com\/qubtrixPOLAND","article_modified_time":"2025-12-15T19:12:35+00:00","og_image":[{"width":2560,"height":1707,"url":"https:\/\/qubtrix.com\/wp-content\/uploads\/2025\/10\/SRV02923-scaled.jpg","type":"image\/jpeg"}],"twitter_card":"summary_large_image","twitter_misc":{"Est. reading time":"3 minutes"},"schema":{"@context":"https:\/\/schema.org","@graph":[{"@type":"WebPage","@id":"https:\/\/qubtrix.com\/en\/shop\/slowaki\/gra-slowna-slowaki\/","url":"https:\/\/qubtrix.com\/en\/shop\/slowaki\/gra-slowna-slowaki\/","name":"Gra s\u0142owna - \"S\u0142owaki\" - QUBTRIX","isPartOf":{"@id":"https:\/\/qubtrix.com\/en\/#website"},"primaryImageOfPage":{"@id":"https:\/\/qubtrix.com\/en\/shop\/slowaki\/gra-slowna-slowaki\/#primaryimage"},"image":{"@id":"https:\/\/qubtrix.com\/en\/shop\/slowaki\/gra-slowna-slowaki\/#primaryimage"},"thumbnailUrl":"https:\/\/qubtrix.com\/wp-content\/uploads\/2025\/10\/SRV02923-scaled.jpg","datePublished":"2025-10-20T21:10:02+00:00","dateModified":"2025-12-15T19:12:35+00:00","breadcrumb":{"@id":"https:\/\/qubtrix.com\/en\/shop\/slowaki\/gra-slowna-slowaki\/#breadcrumb"},"inLanguage":"en-US","potentialAction":[{"@type":"ReadAction","target":["https:\/\/qubtrix.com\/en\/shop\/slowaki\/gra-slowna-slowaki\/"]}]},{"@type":"ImageObject","inLanguage":"en-US","@id":"https:\/\/qubtrix.com\/en\/shop\/slowaki\/gra-slowna-slowaki\/#primaryimage","url":"https:\/\/qubtrix.com\/wp-content\/uploads\/2025\/10\/SRV02923-scaled.jpg","contentUrl":"https:\/\/qubtrix.com\/wp-content\/uploads\/2025\/10\/SRV02923-scaled.jpg","width":2560,"height":1707,"caption":"S\u0142owaki, gra s\u0142owna, scrabble 3D"},{"@type":"BreadcrumbList","@id":"https:\/\/qubtrix.com\/en\/shop\/slowaki\/gra-slowna-slowaki\/#breadcrumb","itemListElement":[{"@type":"ListItem","position":1,"name":"Strona g\u0142\u00f3wna","item":"https:\/\/qubtrix.com\/en\/"},{"@type":"ListItem","position":2,"name":"Shop","item":"https:\/\/qubtrix.com\/en\/shop\/"},{"@type":"ListItem","position":3,"name":"Gra s\u0142owna &#8211; &#8222;S\u0142owaki&#8221;"}]},{"@type":"WebSite","@id":"https:\/\/qubtrix.com\/en\/#website","url":"https:\/\/qubtrix.com\/en\/","name":"QUBTRIX","description":"","publisher":{"@id":"https:\/\/qubtrix.com\/en\/#organization"},"potentialAction":[{"@type":"SearchAction","target":{"@type":"EntryPoint","urlTemplate":"https:\/\/qubtrix.com\/en\/?s={search_term_string}"},"query-input":{"@type":"PropertyValueSpecification","valueRequired":true,"valueName":"search_term_string"}}],"inLanguage":"en-US"},{"@type":"Organization","@id":"https:\/\/qubtrix.com\/en\/#organization","name":"QUBTRIX","url":"https:\/\/qubtrix.com\/en\/","logo":{"@type":"ImageObject","inLanguage":"en-US","@id":"https:\/\/qubtrix.com\/en\/#\/schema\/logo\/image\/","url":"https:\/\/qubtrix.com\/wp-content\/uploads\/2023\/07\/QUBTRIX.png","contentUrl":"https:\/\/qubtrix.com\/wp-content\/uploads\/2023\/07\/QUBTRIX.png","width":400,"height":118,"caption":"QUBTRIX"},"image":{"@id":"https:\/\/qubtrix.com\/en\/#\/schema\/logo\/image\/"},"sameAs":["https:\/\/www.facebook.com\/qubtrixPOLAND","https:\/\/www.facebook.com\/qubtrix\/","https:\/\/www.instagram.com\/qubtrix_poland\/"]}]}},"_links":{"self":[{"href":"https:\/\/qubtrix.com\/en\/wp-json\/wp\/v2\/product\/1897","targetHints":{"allow":["GET"]}}],"collection":[{"href":"https:\/\/qubtrix.com\/en\/wp-json\/wp\/v2\/product"}],"about":[{"href":"https:\/\/qubtrix.com\/en\/wp-json\/wp\/v2\/types\/product"}],"replies":[{"embeddable":true,"href":"https:\/\/qubtrix.com\/en\/wp-json\/wp\/v2\/comments?post=1897"}],"version-history":[{"count":3,"href":"https:\/\/qubtrix.com\/en\/wp-json\/wp\/v2\/product\/1897\/revisions"}],"predecessor-version":[{"id":1899,"href":"https:\/\/qubtrix.com\/en\/wp-json\/wp\/v2\/product\/1897\/revisions\/1899"}],"wp:featuredmedia":[{"embeddable":true,"href":"https:\/\/qubtrix.com\/en\/wp-json\/wp\/v2\/media\/2124"}],"wp:attachment":[{"href":"https:\/\/qubtrix.com\/en\/wp-json\/wp\/v2\/media?parent=1897"}],"wp:term":[{"taxonomy":"product_brand","embeddable":true,"href":"https:\/\/qubtrix.com\/en\/wp-json\/wp\/v2\/product_brand?post=1897"},{"taxonomy":"product_cat","embeddable":true,"href":"https:\/\/qubtrix.com\/en\/wp-json\/wp\/v2\/product_cat?post=1897"},{"taxonomy":"product_tag","embeddable":true,"href":"https:\/\/qubtrix.com\/en\/wp-json\/wp\/v2\/product_tag?post=1897"}],"curies":[{"name":"wp","href":"https:\/\/api.w.org\/{rel}","templated":true}]}}